{"id":1260,"date":"2025-11-13T16:40:33","date_gmt":"2025-11-13T21:40:33","guid":{"rendered":"https:\/\/aimplusgroup.com\/?page_id=1260"},"modified":"2025-11-13T19:14:50","modified_gmt":"2025-11-14T00:14:50","slug":"privacy-policy-2","status":"publish","type":"page","link":"https:\/\/aimplusgroup.com\/es\/privacy-policy-2\/","title":{"rendered":"Pol\u00edtica de privacidad"},"content":{"rendered":"<div data-elementor-type=\"wp-page\" data-elementor-id=\"1260\" class=\"elementor elementor-1260\">\n\t\t\t\t\t\t\t<div class=\"elementor-element elementor-element-2c351fa e-flex e-con-boxed e-con e-parent\" data-id=\"2c351fa\" data-element_type=\"container\" data-settings=\"{&quot;background_background&quot;:&quot;classic&quot;,&quot;content_width&quot;:&quot;boxed&quot;}\" data-core-v316-plus=\"true\">\n\t\t\t\t\t<div class=\"e-con-inner\">\n\t\t\t\t<div class=\"elementor-element elementor-element-36fe9d2 elementor-widget elementor-widget-heading\" data-id=\"36fe9d2\" data-element_type=\"widget\" data-widget_type=\"heading.default\">\n\t\t\t\t<div class=\"elementor-widget-container\">\n\t\t\t<style>\/*! elementor - v3.18.0 - 08-12-2023 *\/\n.elementor-heading-title{padding:0;margin:0;line-height:1}.elementor-widget-heading .elementor-heading-title[class*=elementor-size-]>a{color:inherit;font-size:inherit;line-height:inherit}.elementor-widget-heading .elementor-heading-title.elementor-size-small{font-size:15px}.elementor-widget-heading .elementor-heading-title.elementor-size-medium{font-size:19px}.elementor-widget-heading .elementor-heading-title.elementor-size-large{font-size:29px}.elementor-widget-heading .elementor-heading-title.elementor-size-xl{font-size:39px}.elementor-widget-heading .elementor-heading-title.elementor-size-xxl{font-size:59px}<\/style><h2 class=\"elementor-heading-title elementor-size-default\">nuestra pol\u00edtica de privacidad<\/h2>\t\t<\/div>\n\t\t\t\t<\/div>\n\t\t\t\t\t<\/div>\n\t\t\t\t<\/div>\n\t\t<div class=\"elementor-element elementor-element-7e280412 e-flex e-con-boxed e-con e-parent\" data-id=\"7e280412\" data-element_type=\"container\" data-settings=\"{&quot;background_background&quot;:&quot;classic&quot;,&quot;content_width&quot;:&quot;boxed&quot;}\" data-core-v316-plus=\"true\">\n\t\t\t\t\t<div class=\"e-con-inner\">\n\t\t\t\t<div class=\"elementor-element elementor-element-5af81c8 elementor-widget elementor-widget-text-editor\" data-id=\"5af81c8\" data-element_type=\"widget\" data-widget_type=\"text-editor.default\">\n\t\t\t\t<div class=\"elementor-widget-container\">\n\t\t\t<style>\/*! elementor - v3.18.0 - 08-12-2023 *\/\n.elementor-widget-text-editor.elementor-drop-cap-view-stacked .elementor-drop-cap{background-color:#69727d;color:#fff}.elementor-widget-text-editor.elementor-drop-cap-view-framed .elementor-drop-cap{color:#69727d;border:3px solid;background-color:transparent}.elementor-widget-text-editor:not(.elementor-drop-cap-view-default) .elementor-drop-cap{margin-top:8px}.elementor-widget-text-editor:not(.elementor-drop-cap-view-default) .elementor-drop-cap-letter{width:1em;height:1em}.elementor-widget-text-editor .elementor-drop-cap{float:left;text-align:center;line-height:1;font-size:50px}.elementor-widget-text-editor .elementor-drop-cap-letter{display:inline-block}<\/style>\t\t\t\t<h1><b>Pol\u00edtica de Privacidad - AIMPlus<\/b><\/h1><p class=\"p3\"><b>\u00daltima actualizaci\u00f3n: Noviembre 13 de 2025<\/b><b><\/b><\/p><p class=\"p4\">En AIMPlus, valoramos la privacidad y la seguridad de la informaci\u00f3n personal de nuestros usuarios. Esta Pol\u00edtica de Privacidad describe c\u00f3mo recopilamos, utilizamos, protegemos y compartimos la informaci\u00f3n que obtenemos a trav\u00e9s de nuestro sitio web y de los servicios de formaci\u00f3n y entrenamiento para agentes de seguros en Estados Unidos.<\/p><p class=\"p4\">Al acceder o utilizar nuestros servicios, usted acepta las pr\u00e1cticas descritas en esta pol\u00edtica.<\/p><hr \/><h2><b>1. Informaci\u00f3n que recopilamos<\/b><\/h2><p class=\"p4\">Recopilamos informaci\u00f3n personal y no personal con el fin de ofrecer y mejorar nuestros servicios de formaci\u00f3n.<\/p><h3><b>1.1 Informaci\u00f3n Personal<\/b><\/h3><p class=\"p4\">Podemos recopilar:<\/p><ul><li><p class=\"p1\">Nombre completo<\/p><\/li><li><p class=\"p1\">Correo electr\u00f3nico<\/p><\/li><li><p class=\"p1\">N\u00famero de tel\u00e9fono<\/p><\/li><li><p class=\"p1\">Empresa o agencia a la que pertenece<\/p><\/li><li><p class=\"p1\">Informaci\u00f3n de acceso al portal (usuario y contrase\u00f1a)<\/p><\/li><li><p class=\"p1\">Datos relacionados con su progreso de entrenamiento o certificaci\u00f3n<\/p><\/li><\/ul><h3><b>Informaci\u00f3n no personal<\/b><\/h3><p class=\"p4\">Incluye informaci\u00f3n t\u00e9cnica autom\u00e1tica, como:<\/p><ul><li><p class=\"p1\">Direcci\u00f3n IP<\/p><\/li><li><p class=\"p1\">Tipo de navegador<\/p><\/li><li><p class=\"p1\">Sistema operativo<\/p><\/li><li><p class=\"p1\">Paginas visitadas en nuestro sitio<\/p><\/li><li><p class=\"p1\">Duraci\u00f3n de la visita<\/p><\/li><li><p class=\"p1\">Cookies y tecnolog\u00edas de seguimiento<\/p><\/li><\/ul><hr \/><h2><b>2. C\u00f3mo utilizamos su informaci\u00f3n<\/b><\/h2><p class=\"p4\">La informaci\u00f3n recopilada se utiliza para:<\/p><ul><li><p class=\"p1\">Proveer acceso al portal de formaci\u00f3n y recursos<\/p><\/li><li><p class=\"p1\">Gestionar su cuenta y preferencias<\/p><\/li><li><p class=\"p1\">Enviar actualizaciones, notificaciones o informaci\u00f3n relevante sobre los programas de entrenamiento<\/p><\/li><li><p class=\"p1\">Mejorar la experiencia del usuario y el rendimiento del sitio<\/p><\/li><li><p class=\"p1\">Cumplir requisitos legales o regulatorios aplicables<\/p><\/li><li><p class=\"p1\">Prevenir usos no autorizados o actividades fraudulentas<\/p><\/li><\/ul><hr \/><h2><b>3. Cookies y tecnolog\u00edas de seguimiento<\/b><\/h2><p class=\"p4\">AIMPlus utiliza cookies para:<\/p><ul><li><p class=\"p1\">Facilitar la navegaci\u00f3n y el acceso a la plataforma<\/p><\/li><li><p class=\"p1\">Recordar preferencias del usuario<\/p><\/li><li><p class=\"p1\">Analizar el uso del sitio y mejorar su rendimiento<\/p><\/li><\/ul><p class=\"p4\">Puede desactivar las cookies desde la configuraci\u00f3n de su navegador, pero algunas funciones del sitio podr\u00edan no funcionar correctamente.<\/p><hr \/><h2><b>4. C\u00f3mo compartimos la informaci\u00f3n<\/b><\/h2><p class=\"p4\">AIMPlus <span class=\"s2\"><b>no vende<\/b><\/span> informaci\u00f3n personal<\/p><p class=\"p4\">Podemos compartir informaci\u00f3n \u00fanicamente con:<\/p><ul><li><p class=\"p1\"><span class=\"s1\"><b>Proveedores de servicios<\/b><\/span> que nos ayudan a operar el sitio web y la plataforma de entrenamiento (hosting, an\u00e1lisis, soporte t\u00e9cnico).<\/p><\/li><li><p class=\"p1\"><b>Entidades reguladoras<\/b><span class=\"s1\">, o gubernamentales si es requerido por ley.<\/span><\/p><\/li><li><p class=\"p1\"><span class=\"s1\"><b>Aliados estrat\u00e9gicos<\/b><\/span>, \u00fanicamente si la informaci\u00f3n es necesaria para ofrecer un proceso de formaci\u00f3n o certificaci\u00f3n.<\/p><\/li><\/ul><p class=\"p4\">Estos terceros est\u00e1n obligados a mantener la confidencialidad y seguridad de la informaci\u00f3n.<\/p><hr \/><h2><b>5. Seguridad de la informaci\u00f3n<\/b><\/h2><p class=\"p4\">Implementamos medidas administrativas, t\u00e9cnicas y f\u00edsicas para proteger los datos contra:<\/p><ul><li><p class=\"p1\">Acceso no autorizado<\/p><\/li><li><p class=\"p1\">P\u00e9rdida<\/p><\/li><li><p class=\"p1\">Uso indebido<\/p><\/li><li><p class=\"p1\">Alteraci\u00f3n<\/p><\/li><\/ul><p class=\"p4\">A pesar de nuestros esfuerzos, ning\u00fan sistema es completamente seguro, por lo que no podemos garantizar una protecci\u00f3n absoluta.<\/p><hr \/><h2><b>6. Derechos de los usuarios<\/b><\/h2><p class=\"p4\">Dependiendo de su ubicaci\u00f3n, usted puede tener derecho a:<\/p><ul><li><p class=\"p1\">Acceder a la informaci\u00f3n personal que tenemos sobre usted<\/p><\/li><li><p class=\"p1\">Solicitar actualizaciones o correcciones<\/p><\/li><li><p class=\"p1\">Solicitar la eliminaci\u00f3n de su informaci\u00f3n (cuando sea legalmente posible)<\/p><\/li><li><p class=\"p1\">Limitar o rechazar ciertos usos de sus datos<\/p><\/li><li><p class=\"p1\">Retirar su consentimiento en cualquier momento<\/p><\/li><\/ul><p class=\"p4\">Para ejercer estos derechos, cont\u00e1ctenos en: <span class=\"s2\"><b>contact@aimplus.com<\/b><b><\/b><\/span><\/p><hr \/><h2><b>7. Conservaci\u00f3n de datos<\/b><\/h2><p class=\"p4\">Retenemos la informaci\u00f3n personal solo durante el tiempo necesario para:<\/p><ul><li><p class=\"p1\">Proveer los servicios de formaci\u00f3n<\/p><\/li><li><p class=\"p1\">Cumplir obligaciones legales o regulatorias<\/p><\/li><li><p class=\"p1\">Resolver disputas<\/p><\/li><li><p class=\"p1\">Garantizar el funcionamiento adecuado del portal<\/p><\/li><\/ul><hr \/><h2><b>8. Privacidad de menores<\/b><\/h2><p class=\"p4\">Nuestros servicios NO est\u00e1n dirigidos a personas menores de 18 a\u00f1os.<\/p><p class=\"p4\">No recopilamos informaci\u00f3n de forma intencional de menores.<\/p><p class=\"p4\">Si cree que un menor ha proporcionado informaci\u00f3n, comun\u00edquese con nosotros de inmediato para eliminarla.<\/p><hr \/><h2><b>9. Enlaces a terceros<\/b><\/h2><p class=\"p4\">Nuestro sitio puede incluir enlaces a plataformas externas (materiales, herramientas, etc.).<\/p><p class=\"p4\">AIMPlus no es responsable de las pol\u00edticas de privacidad de dichos sitios.<\/p><p class=\"p4\">Recomendamos revisar sus t\u00e9rminos antes de usar esos servicios.<\/p><hr \/><h2><b>10. Cambios en esta pol\u00edtica<\/b><\/h2><p class=\"p4\">AIMPlus puede actualizar esta Pol\u00edtica de Privacidad en cualquier momento.<\/p><p class=\"p4\">Cuando lo hagamos, publicaremos la fecha de actualizaci\u00f3n en la parte superior del documento.<\/p><p class=\"p4\">Le recomendamos revisar esta pol\u00edtica peri\u00f3dicamente.<\/p><hr \/><h2><b>11. Contacto<\/b><\/h2><p class=\"p4\">Para preguntas relacionadas con esta Pol\u00edtica de Privacidad o para ejercer sus derechos, puede contactarnos en:<\/p><p class=\"p3\"><span class=\"s3\">\ud83d\udce7 <\/span><b>contact@aimplus.com<\/b><\/p><p><span style=\"font-weight: 400;\">\u00a0<\/span><\/p>\t\t\t\t\t\t<\/div>\n\t\t\t\t<\/div>\n\t\t\t\t\t<\/div>\n\t\t\t\t<\/div>\n\t\t<div class=\"elementor-element elementor-element-c0d4698 e-con-full e-flex e-con e-parent\" data-id=\"c0d4698\" data-element_type=\"container\" data-settings=\"{&quot;content_width&quot;:&quot;full&quot;,&quot;background_background&quot;:&quot;classic&quot;}\" data-core-v316-plus=\"true\">\n\t\t\t\t<div class=\"elementor-element elementor-element-47395f0 elementor-widget-divider--view-line elementor-widget elementor-widget-divider\" data-id=\"47395f0\" data-element_type=\"widget\" data-widget_type=\"divider.default\">\n\t\t\t\t<div class=\"elementor-widget-container\">\n\t\t\t<style>\/*! elementor - v3.18.0 - 08-12-2023 *\/\n.elementor-widget-divider{--divider-border-style:none;--divider-border-width:1px;--divider-color:#0c0d0e;--divider-icon-size:20px;--divider-element-spacing:10px;--divider-pattern-height:24px;--divider-pattern-size:20px;--divider-pattern-url:none;--divider-pattern-repeat:repeat-x}.elementor-widget-divider .elementor-divider{display:flex}.elementor-widget-divider .elementor-divider__text{font-size:15px;line-height:1;max-width:95%}.elementor-widget-divider .elementor-divider__element{margin:0 var(--divider-element-spacing);flex-shrink:0}.elementor-widget-divider .elementor-icon{font-size:var(--divider-icon-size)}.elementor-widget-divider .elementor-divider-separator{display:flex;margin:0;direction:ltr}.elementor-widget-divider--view-line_icon .elementor-divider-separator,.elementor-widget-divider--view-line_text .elementor-divider-separator{align-items:center}.elementor-widget-divider--view-line_icon .elementor-divider-separator:after,.elementor-widget-divider--view-line_icon .elementor-divider-separator:before,.elementor-widget-divider--view-line_text .elementor-divider-separator:after,.elementor-widget-divider--view-line_text .elementor-divider-separator:before{display:block;content:\"\";border-bottom:0;flex-grow:1;border-top:var(--divider-border-width) var(--divider-border-style) var(--divider-color)}.elementor-widget-divider--element-align-left .elementor-divider .elementor-divider-separator>.elementor-divider__svg:first-of-type{flex-grow:0;flex-shrink:100}.elementor-widget-divider--element-align-left .elementor-divider-separator:before{content:none}.elementor-widget-divider--element-align-left .elementor-divider__element{margin-left:0}.elementor-widget-divider--element-align-right .elementor-divider .elementor-divider-separator>.elementor-divider__svg:last-of-type{flex-grow:0;flex-shrink:100}.elementor-widget-divider--element-align-right .elementor-divider-separator:after{content:none}.elementor-widget-divider--element-align-right .elementor-divider__element{margin-right:0}.elementor-widget-divider:not(.elementor-widget-divider--view-line_text):not(.elementor-widget-divider--view-line_icon) .elementor-divider-separator{border-top:var(--divider-border-width) var(--divider-border-style) var(--divider-color)}.elementor-widget-divider--separator-type-pattern{--divider-border-style:none}.elementor-widget-divider--separator-type-pattern.elementor-widget-divider--view-line .elementor-divider-separator,.elementor-widget-divider--separator-type-pattern:not(.elementor-widget-divider--view-line) .elementor-divider-separator:after,.elementor-widget-divider--separator-type-pattern:not(.elementor-widget-divider--view-line) .elementor-divider-separator:before,.elementor-widget-divider--separator-type-pattern:not([class*=elementor-widget-divider--view]) .elementor-divider-separator{width:100%;min-height:var(--divider-pattern-height);-webkit-mask-size:var(--divider-pattern-size) 100%;mask-size:var(--divider-pattern-size) 100%;-webkit-mask-repeat:var(--divider-pattern-repeat);mask-repeat:var(--divider-pattern-repeat);background-color:var(--divider-color);-webkit-mask-image:var(--divider-pattern-url);mask-image:var(--divider-pattern-url)}.elementor-widget-divider--no-spacing{--divider-pattern-size:auto}.elementor-widget-divider--bg-round{--divider-pattern-repeat:round}.rtl .elementor-widget-divider .elementor-divider__text{direction:rtl}.e-con-inner>.elementor-widget-divider,.e-con>.elementor-widget-divider{width:var(--container-widget-width,100%);--flex-grow:var(--container-widget-flex-grow)}<\/style>\t\t<div class=\"elementor-divider\">\n\t\t\t<span class=\"elementor-divider-separator\">\n\t\t\t\t\t\t<\/span>\n\t\t<\/div>\n\t\t\t\t<\/div>\n\t\t\t\t<\/div>\n\t\t\t\t<\/div>\n\t\t<div class=\"elementor-element elementor-element-2cf23f82 e-con-full e-flex e-con e-parent\" data-id=\"2cf23f82\" data-element_type=\"container\" data-settings=\"{&quot;content_width&quot;:&quot;full&quot;,&quot;background_background&quot;:&quot;classic&quot;}\" data-core-v316-plus=\"true\">\n\t\t<div class=\"elementor-element elementor-element-4495a474 e-con-full e-flex e-con e-child\" data-id=\"4495a474\" data-element_type=\"container\" data-settings=\"{&quot;content_width&quot;:&quot;full&quot;}\">\n\t\t\t\t<div class=\"elementor-element elementor-element-4f98266d elementor-widget elementor-widget-spacer\" data-id=\"4f98266d\" data-element_type=\"widget\" data-widget_type=\"spacer.default\">\n\t\t\t\t<div class=\"elementor-widget-container\">\n\t\t\t<style>\/*! elementor - v3.18.0 - 08-12-2023 *\/\n.elementor-column .elementor-spacer-inner{height:var(--spacer-size)}.e-con{--container-widget-width:100%}.e-con-inner>.elementor-widget-spacer,.e-con>.elementor-widget-spacer{width:var(--container-widget-width,var(--spacer-size));--align-self:var(--container-widget-align-self,initial);--flex-shrink:0}.e-con-inner>.elementor-widget-spacer>.elementor-widget-container,.e-con>.elementor-widget-spacer>.elementor-widget-container{height:100%;width:100%}.e-con-inner>.elementor-widget-spacer>.elementor-widget-container>.elementor-spacer,.e-con>.elementor-widget-spacer>.elementor-widget-container>.elementor-spacer{height:100%}.e-con-inner>.elementor-widget-spacer>.elementor-widget-container>.elementor-spacer>.elementor-spacer-inner,.e-con>.elementor-widget-spacer>.elementor-widget-container>.elementor-spacer>.elementor-spacer-inner{height:var(--container-widget-height,var(--spacer-size))}.e-con-inner>.elementor-widget-spacer.elementor-widget-empty,.e-con>.elementor-widget-spacer.elementor-widget-empty{position:relative;min-height:22px;min-width:22px}.e-con-inner>.elementor-widget-spacer.elementor-widget-empty .elementor-widget-empty-icon,.e-con>.elementor-widget-spacer.elementor-widget-empty .elementor-widget-empty-icon{position:absolute;top:0;bottom:0;left:0;right:0;margin:auto;padding:0;width:22px;height:22px}<\/style>\t\t<div class=\"elementor-spacer\">\n\t\t\t<div class=\"elementor-spacer-inner\"><\/div>\n\t\t<\/div>\n\t\t\t\t<\/div>\n\t\t\t\t<\/div>\n\t\t\t\t<div class=\"elementor-element elementor-element-254bd46a elementor-widget elementor-widget-heading\" data-id=\"254bd46a\" data-element_type=\"widget\" data-widget_type=\"heading.default\">\n\t\t\t\t<div class=\"elementor-widget-container\">\n\t\t\t<h2 class=\"elementor-heading-title elementor-size-default\">Cuidamos de tu familia<\/h2>\t\t<\/div>\n\t\t\t\t<\/div>\n\t\t\t\t<div class=\"elementor-element elementor-element-2010eea5 elementor-widget elementor-widget-text-editor\" data-id=\"2010eea5\" data-element_type=\"widget\" data-widget_type=\"text-editor.default\">\n\t\t\t\t<div class=\"elementor-widget-container\">\n\t\t\t\t\t\t\t<p>Ofrecemos asistencia profesional y especializada, \u00a1GRATIS!<\/p>\t\t\t\t\t\t<\/div>\n\t\t\t\t<\/div>\n\t\t\t\t<\/div>\n\t\t<div class=\"elementor-element elementor-element-6a1d3b58 e-con-full e-flex e-con e-child\" data-id=\"6a1d3b58\" data-element_type=\"container\" data-settings=\"{&quot;content_width&quot;:&quot;full&quot;}\">\n\t\t\t\t<div class=\"elementor-element elementor-element-74ff52c5 elementor-widget elementor-widget-spacer\" data-id=\"74ff52c5\" data-element_type=\"widget\" data-widget_type=\"spacer.default\">\n\t\t\t\t<div class=\"elementor-widget-container\">\n\t\t\t\t\t<div class=\"elementor-spacer\">\n\t\t\t<div class=\"elementor-spacer-inner\"><\/div>\n\t\t<\/div>\n\t\t\t\t<\/div>\n\t\t\t\t<\/div>\n\t\t\t\t<div class=\"elementor-element elementor-element-43976d31 elementor-align-center elementor-widget elementor-widget-button\" data-id=\"43976d31\" data-element_type=\"widget\" data-widget_type=\"button.default\">\n\t\t\t\t<div class=\"elementor-widget-container\">\n\t\t\t\t\t<div class=\"elementor-button-wrapper\">\n\t\t\t<a class=\"elementor-button elementor-button-link elementor-size-sm\" href=\"tel: 1(407)925-7054\">\n\t\t\t\t\t\t<span class=\"elementor-button-content-wrapper\">\n\t\t\t\t\t\t<span class=\"elementor-button-text\">LL\u00c1MANOS: +1(407) 925-6949<\/span>\n\t\t<\/span>\n\t\t\t\t\t<\/a>\n\t\t<\/div>\n\t\t\t\t<\/div>\n\t\t\t\t<\/div>\n\t\t\t\t<div class=\"elementor-element elementor-element-23bdc55c elementor-widget elementor-widget-spacer\" data-id=\"23bdc55c\" data-element_type=\"widget\" data-widget_type=\"spacer.default\">\n\t\t\t\t<div class=\"elementor-widget-container\">\n\t\t\t\t\t<div class=\"elementor-spacer\">\n\t\t\t<div class=\"elementor-spacer-inner\"><\/div>\n\t\t<\/div>\n\t\t\t\t<\/div>\n\t\t\t\t<\/div>\n\t\t\t\t<\/div>\n\t\t\t\t<\/div>\n\t\t<div class=\"elementor-element elementor-element-4f039ee7 e-con-full e-flex e-con e-parent\" data-id=\"4f039ee7\" data-element_type=\"container\" data-settings=\"{&quot;content_width&quot;:&quot;full&quot;,&quot;background_background&quot;:&quot;classic&quot;}\" data-core-v316-plus=\"true\">\n\t\t<div class=\"elementor-element elementor-element-d753b1a e-con-full e-flex e-con e-child\" data-id=\"d753b1a\" data-element_type=\"container\" data-settings=\"{&quot;content_width&quot;:&quot;full&quot;}\">\n\t\t\t\t<div class=\"elementor-element elementor-element-43746eec elementor-widget elementor-widget-spacer\" data-id=\"43746eec\" data-element_type=\"widget\" data-widget_type=\"spacer.default\">\n\t\t\t\t<div class=\"elementor-widget-container\">\n\t\t\t\t\t<div class=\"elementor-spacer\">\n\t\t\t<div class=\"elementor-spacer-inner\"><\/div>\n\t\t<\/div>\n\t\t\t\t<\/div>\n\t\t\t\t<\/div>\n\t\t\t\t<div class=\"elementor-element elementor-element-54c9551d elementor-widget elementor-widget-heading\" data-id=\"54c9551d\" data-element_type=\"widget\" data-widget_type=\"heading.default\">\n\t\t\t\t<div class=\"elementor-widget-container\">\n\t\t\t<h2 class=\"elementor-heading-title elementor-size-default\">Trabajamos con Obamacare<\/h2>\t\t<\/div>\n\t\t\t\t<\/div>\n\t\t\t\t<div class=\"elementor-element elementor-element-6e603a62 elementor-widget elementor-widget-text-editor\" data-id=\"6e603a62\" data-element_type=\"widget\" data-widget_type=\"text-editor.default\">\n\t\t\t\t<div class=\"elementor-widget-container\">\n\t\t\t\t\t\t\tReg\u00edstrate para ver si aplicas a descuentos y ahorros<\/br>\nen tu plan de salud.\t\t\t\t\t\t<\/div>\n\t\t\t\t<\/div>\n\t\t\t\t<\/div>\n\t\t<div class=\"elementor-element elementor-element-3747972e e-con-full e-flex e-con e-child\" data-id=\"3747972e\" data-element_type=\"container\" data-settings=\"{&quot;content_width&quot;:&quot;full&quot;}\">\n\t\t\t\t<div class=\"elementor-element elementor-element-364067e2 elementor-widget elementor-widget-spacer\" data-id=\"364067e2\" data-element_type=\"widget\" data-widget_type=\"spacer.default\">\n\t\t\t\t<div class=\"elementor-widget-container\">\n\t\t\t\t\t<div class=\"elementor-spacer\">\n\t\t\t<div class=\"elementor-spacer-inner\"><\/div>\n\t\t<\/div>\n\t\t\t\t<\/div>\n\t\t\t\t<\/div>\n\t\t\t\t<div class=\"elementor-element elementor-element-4b8445e8 elementor-align-center elementor-widget elementor-widget-button\" data-id=\"4b8445e8\" data-element_type=\"widget\" data-widget_type=\"button.default\">\n\t\t\t\t<div class=\"elementor-widget-container\">\n\t\t\t\t\t<div class=\"elementor-button-wrapper\">\n\t\t\t<a class=\"elementor-button elementor-button-link elementor-size-sm\" href=\"#\">\n\t\t\t\t\t\t<span class=\"elementor-button-content-wrapper\">\n\t\t\t\t\t\t<span class=\"elementor-button-icon elementor-align-icon-left\">\n\t\t\t\t<svg aria-hidden=\"true\" class=\"e-font-icon-svg e-far-envelope-open\" viewbox=\"0 0 512 512\" xmlns=\"http:\/\/www.w3.org\/2000\/svg\"><path d=\"M494.586 164.516c-4.697-3.883-111.723-89.95-135.251-108.657C337.231 38.191 299.437 0 256 0c-43.205 0-80.636 37.717-103.335 55.859-24.463 19.45-131.07 105.195-135.15 108.549A48.004 48.004 0 0 0 0 201.485V464c0 26.51 21.49 48 48 48h416c26.51 0 48-21.49 48-48V201.509a48 48 0 0 0-17.414-36.993zM464 458a6 6 0 0 1-6 6H54a6 6 0 0 1-6-6V204.347c0-1.813.816-3.526 2.226-4.665 15.87-12.814 108.793-87.554 132.364-106.293C200.755 78.88 232.398 48 256 48c23.693 0 55.857 31.369 73.41 45.389 23.573 18.741 116.503 93.493 132.366 106.316a5.99 5.99 0 0 1 2.224 4.663V458zm-31.991-187.704c4.249 5.159 3.465 12.795-1.745 16.981-28.975 23.283-59.274 47.597-70.929 56.863C336.636 362.283 299.205 400 256 400c-43.452 0-81.287-38.237-103.335-55.86-11.279-8.967-41.744-33.413-70.927-56.865-5.21-4.187-5.993-11.822-1.745-16.981l15.258-18.528c4.178-5.073 11.657-5.843 16.779-1.726 28.618 23.001 58.566 47.035 70.56 56.571C200.143 320.631 232.307 352 256 352c23.602 0 55.246-30.88 73.41-45.389 11.994-9.535 41.944-33.57 70.563-56.568 5.122-4.116 12.601-3.346 16.778 1.727l15.258 18.526z\"><\/path><\/svg>\t\t\t<\/span>\n\t\t\t\t\t\t<span class=\"elementor-button-text\">Correo electr\u00f3nico <\/span>\n\t\t<\/span>\n\t\t\t\t\t<\/a>\n\t\t<\/div>\n\t\t\t\t<\/div>\n\t\t\t\t<\/div>\n\t\t\t\t<div class=\"elementor-element elementor-element-1b782a9c elementor-widget elementor-widget-spacer\" data-id=\"1b782a9c\" data-element_type=\"widget\" data-widget_type=\"spacer.default\">\n\t\t\t\t<div class=\"elementor-widget-container\">\n\t\t\t\t\t<div class=\"elementor-spacer\">\n\t\t\t<div class=\"elementor-spacer-inner\"><\/div>\n\t\t<\/div>\n\t\t\t\t<\/div>\n\t\t\t\t<\/div>\n\t\t\t\t<\/div>\n\t\t\t\t<\/div>\n\t\t<div class=\"elementor-element elementor-element-4f9a9942 e-con-full e-flex e-con e-parent\" data-id=\"4f9a9942\" data-element_type=\"container\" data-settings=\"{&quot;content_width&quot;:&quot;full&quot;,&quot;background_background&quot;:&quot;classic&quot;}\" data-core-v316-plus=\"true\">\n\t\t\t\t<div class=\"elementor-element elementor-element-4a70a76e elementor-widget-divider--view-line elementor-widget elementor-widget-divider\" data-id=\"4a70a76e\" data-element_type=\"widget\" data-widget_type=\"divider.default\">\n\t\t\t\t<div class=\"elementor-widget-container\">\n\t\t\t\t\t<div class=\"elementor-divider\">\n\t\t\t<span class=\"elementor-divider-separator\">\n\t\t\t\t\t\t<\/span>\n\t\t<\/div>\n\t\t\t\t<\/div>\n\t\t\t\t<\/div>\n\t\t\t\t<\/div>\n\t\t\t\t\t\t\t<\/div>","protected":false},"excerpt":{"rendered":"<p>our privacy policy Privacy Policy \u2013 AIMPlus Last updated: Nov 13 &#8211; 2025 At AIMPlus, we value the privacy and security of the personal information of our users. This Privacy Policy explains how we collect, use, protect, and share the information obtained through our website and our training services for insurance agents in the United [&hellip;]<\/p>","protected":false},"author":1,"featured_media":0,"parent":0,"menu_order":0,"comment_status":"closed","ping_status":"closed","template":"","meta":{"footnotes":""},"class_list":["post-1260","page","type-page","status-publish","hentry"],"_links":{"self":[{"href":"https:\/\/aimplusgroup.com\/es\/wp-json\/wp\/v2\/pages\/1260","targetHints":{"allow":["GET"]}}],"collection":[{"href":"https:\/\/aimplusgroup.com\/es\/wp-json\/wp\/v2\/pages"}],"about":[{"href":"https:\/\/aimplusgroup.com\/es\/wp-json\/wp\/v2\/types\/page"}],"author":[{"embeddable":true,"href":"https:\/\/aimplusgroup.com\/es\/wp-json\/wp\/v2\/users\/1"}],"replies":[{"embeddable":true,"href":"https:\/\/aimplusgroup.com\/es\/wp-json\/wp\/v2\/comments?post=1260"}],"version-history":[{"count":22,"href":"https:\/\/aimplusgroup.com\/es\/wp-json\/wp\/v2\/pages\/1260\/revisions"}],"predecessor-version":[{"id":1289,"href":"https:\/\/aimplusgroup.com\/es\/wp-json\/wp\/v2\/pages\/1260\/revisions\/1289"}],"wp:attachment":[{"href":"https:\/\/aimplusgroup.com\/es\/wp-json\/wp\/v2\/media?parent=1260"}],"curies":[{"name":"wp","href":"https:\/\/api.w.org\/{rel}","templated":true}]}}